{"id":1684,"date":"2024-05-28T16:23:05","date_gmt":"2024-05-28T16:23:05","guid":{"rendered":"https:\/\/artmuna.com\/?post_type=product&#038;p=1684"},"modified":"2025-02-03T15:13:27","modified_gmt":"2025-02-03T15:13:27","slug":"barbados","status":"publish","type":"product","link":"https:\/\/artmuna.com\/?product=barbados","title":{"rendered":"Barbados"},"content":{"rendered":"<p>Nuestra asoleadora Antilla un dise\u00f1o que denota elegancia elaborada con madera teca la preferida por nuestros clientes a la hora de elegir dise\u00f1o y comodidad. Su espaldar reclinable la hace una opci\u00f3n muy vers\u00e1til.<\/p>\n<p><strong>MEDIDAS: 2<\/strong>.20cm de Largo x 1.10 cm de ancho<\/p>\n<p><strong>MATERIALES: <\/strong>Estructura en madera teca, esta madera es famosa por su resistencia a la putrefacci\u00f3n y a los ataques de insectos, gracias a los aceites naturales que contiene y a su alta densidad. Cojiner\u00eda en SUN TECH DEKO, cojiner\u00eda antifluido especial para exteriores.<\/p>\n<p><strong>Recuerda que nuestros productos son fabricados bajo pedido, ya que son elaborados de forma artesanal. Si deseas alguna variaci\u00f3n en el tama\u00f1o u otras caracter\u00edsticas por favor comun\u00edcate con nosotros para asesorarte.<\/strong><\/p>\n<p>&nbsp;<\/p>\n","protected":false},"excerpt":{"rendered":"<p>Nuestra asoleadora Antilla un dise\u00f1o que denota elegancia elaborada con madera teca la preferida por nuestros clientes a la hora de elegir dise\u00f1o y comodidad. Su espaldar reclinable la hace una opci\u00f3n muy vers\u00e1til.<\/p>\n<p><strong>MEDIDAS: <\/strong>2.20cm de Largo x 1.10 cm de ancho<\/p>\n<p><strong>MATERIALES: <\/strong>Estructura en madera teca, esta madera es famosa por su resistencia a la putrefacci\u00f3n y a los ataques de insectos, gracias a los aceites naturales que contiene y a su alta densidad. Cojiner\u00eda en SUN TECH DEKO, cojiner\u00eda antifluido especial para exteriores.<\/p>\n","protected":false},"featured_media":1685,"comment_status":"open","ping_status":"closed","template":"","meta":{"site-sidebar-layout":"default","site-content-layout":"","ast-site-content-layout":"default","site-content-style":"default","site-sidebar-style":"default","ast-global-header-display":"","ast-banner-title-visibility":"","ast-main-header-display":"","ast-hfb-above-header-display":"","ast-hfb-below-header-display":"","ast-hfb-mobile-header-display":"","site-post-title":"","ast-breadcrumbs-content":"","ast-featured-img":"","footer-sml-layout":"","theme-transparent-header-meta":"default","adv-header-id-meta":"","stick-header-meta":"","header-above-stick-meta":"","header-main-stick-meta":"","header-below-stick-meta":"","astra-migrate-meta-layouts":"set","ast-page-background-enabled":"default","ast-page-background-meta":{"desktop":{"background-color":"var(--ast-global-color-4)","background-image":"","background-repeat":"repeat","background-position":"center center","background-size":"auto","background-attachment":"scroll","background-type":"","background-media":"","overlay-type":"","overlay-color":"","overlay-opacity":"","overlay-gradient":""},"tablet":{"background-color":"","background-image":"","background-repeat":"repeat","background-position":"center center","background-size":"auto","background-attachment":"scroll","background-type":"","background-media":"","overlay-type":"","overlay-color":"","overlay-opacity":"","overlay-gradient":""},"mobile":{"background-color":"","background-image":"","background-repeat":"repeat","background-position":"center center","background-size":"auto","background-attachment":"scroll","background-type":"","background-media":"","overlay-type":"","overlay-color":"","overlay-opacity":"","overlay-gradient":""}},"ast-content-background-meta":{"desktop":{"background-color":"var(--ast-global-color-5)","background-image":"","background-repeat":"repeat","background-position":"center center","background-size":"auto","background-attachment":"scroll","background-type":"","background-media":"","overlay-type":"","overlay-color":"","overlay-opacity":"","overlay-gradient":""},"tablet":{"background-color":"var(--ast-global-color-5)","background-image":"","background-repeat":"repeat","background-position":"center center","background-size":"auto","background-attachment":"scroll","background-type":"","background-media":"","overlay-type":"","overlay-color":"","overlay-opacity":"","overlay-gradient":""},"mobile":{"background-color":"var(--ast-global-color-5)","background-image":"","background-repeat":"repeat","background-position":"center center","background-size":"auto","background-attachment":"scroll","background-type":"","background-media":"","overlay-type":"","overlay-color":"","overlay-opacity":"","overlay-gradient":""}}},"product_cat":[41],"product_tag":[99,111,82],"class_list":{"0":"post-1684","1":"product","2":"type-product","3":"status-publish","4":"has-post-thumbnail","6":"product_cat-sofaplaya-asoleadoras","7":"product_tag-asoleadora","8":"product_tag-silla-playera","9":"product_tag-tumbona","10":"desktop-align-center","11":"tablet-align-left","12":"mobile-align-left","14":"first","15":"instock","16":"shipping-taxable","17":"product-type-simple"},"_links":{"self":[{"href":"https:\/\/artmuna.com\/index.php?rest_route=\/wp\/v2\/product\/1684","targetHints":{"allow":["GET"]}}],"collection":[{"href":"https:\/\/artmuna.com\/index.php?rest_route=\/wp\/v2\/product"}],"about":[{"href":"https:\/\/artmuna.com\/index.php?rest_route=\/wp\/v2\/types\/product"}],"replies":[{"embeddable":true,"href":"https:\/\/artmuna.com\/index.php?rest_route=%2Fwp%2Fv2%2Fcomments&post=1684"}],"version-history":[{"count":1,"href":"https:\/\/artmuna.com\/index.php?rest_route=\/wp\/v2\/product\/1684\/revisions"}],"predecessor-version":[{"id":1687,"href":"https:\/\/artmuna.com\/index.php?rest_route=\/wp\/v2\/product\/1684\/revisions\/1687"}],"wp:featuredmedia":[{"embeddable":true,"href":"https:\/\/artmuna.com\/index.php?rest_route=\/wp\/v2\/media\/1685"}],"wp:attachment":[{"href":"https:\/\/artmuna.com\/index.php?rest_route=%2Fwp%2Fv2%2Fmedia&parent=1684"}],"wp:term":[{"taxonomy":"product_cat","embeddable":true,"href":"https:\/\/artmuna.com\/index.php?rest_route=%2Fwp%2Fv2%2Fproduct_cat&post=1684"},{"taxonomy":"product_tag","embeddable":true,"href":"https:\/\/artmuna.com\/index.php?rest_route=%2Fwp%2Fv2%2Fproduct_tag&post=1684"}],"curies":[{"name":"wp","href":"https:\/\/api.w.org\/{rel}","templated":true}]}}