{"id":1673,"date":"2024-05-10T21:11:12","date_gmt":"2024-05-10T21:11:12","guid":{"rendered":"https:\/\/artmuna.com\/?post_type=product&#038;p=1673"},"modified":"2024-05-10T21:11:13","modified_gmt":"2024-05-10T21:11:13","slug":"comedor-gobiovalado","status":"publish","type":"product","link":"https:\/\/artmuna.com\/?product=comedor-gobiovalado","title":{"rendered":"Gobi Ovalado"},"content":{"rendered":"<p>Lo ultimo en tendencias es la combinaci\u00f3n de la madera con el autentico toque del tejido artesanal, este hermoso comedor elaborado en madera teca \u00f3 cedro rosado.<\/p>\n<ul>\n<li>Las medidas de el comedor que aparecen en la imagen de referencia es de 1.90cm de largo x 1 metro de ancho, corresponde a un comedor de 6 puestos.<\/li>\n<\/ul>\n<p>Sillas elaboradas en madera teca \u00f3 cerdo rosado, tejido en yare, mimbre o rattan sint\u00e9tico.<\/p>\n<p><strong>OBSERVACIONES:<\/strong><\/p>\n<p>-Las sillas pueden variar de acuerdo a tu gusto y tu necesidad.<\/p>\n<p>-Las medidas var\u00edan de acuerdo a la cantidad de puestos que necesites, la base puede ser en madera teca o met\u00e1lica con pintura electrost\u00e1tica.<\/p>\n<p><strong>Recuerda que nuestros productos son fabricados bajo pedido, ya que son elaborados de forma artesanal. Si deseas alguna variaci\u00f3n en el tama\u00f1o u otras caracter\u00edsticas por favor comun\u00edcate con nosotros para asesorarte.<\/strong><\/p>\n","protected":false},"excerpt":{"rendered":"<p>Lo ultimo en tendencias es la combinaci\u00f3n de la madera con el autentico toque del tejido artesanal, este hermoso comedor elaborado en madera teca \u00f3 cedro rosado.<\/p>\n<ul>\n<li>Las medidas de el comedor que aparecen en la imagen de referencia es de 1.90cm de largo x 1 metro de ancho, corresponde a un comedor de 6 puestos.<\/li>\n<\/ul>\n<p>Sillas elaboradas en madera teca \u00f3 cerdo rosado, tejido en yare, mimbre o rattan sint\u00e9tico.<\/p>\n","protected":false},"featured_media":1674,"comment_status":"open","ping_status":"closed","template":"","meta":{"site-sidebar-layout":"default","site-content-layout":"","ast-site-content-layout":"default","site-content-style":"default","site-sidebar-style":"default","ast-global-header-display":"","ast-banner-title-visibility":"","ast-main-header-display":"","ast-hfb-above-header-display":"","ast-hfb-below-header-display":"","ast-hfb-mobile-header-display":"","site-post-title":"","ast-breadcrumbs-content":"","ast-featured-img":"","footer-sml-layout":"","theme-transparent-header-meta":"default","adv-header-id-meta":"","stick-header-meta":"","header-above-stick-meta":"","header-main-stick-meta":"","header-below-stick-meta":"","astra-migrate-meta-layouts":"set","ast-page-background-enabled":"default","ast-page-background-meta":{"desktop":{"background-color":"var(--ast-global-color-4)","background-image":"","background-repeat":"repeat","background-position":"center center","background-size":"auto","background-attachment":"scroll","background-type":"","background-media":"","overlay-type":"","overlay-color":"","overlay-opacity":"","overlay-gradient":""},"tablet":{"background-color":"","background-image":"","background-repeat":"repeat","background-position":"center center","background-size":"auto","background-attachment":"scroll","background-type":"","background-media":"","overlay-type":"","overlay-color":"","overlay-opacity":"","overlay-gradient":""},"mobile":{"background-color":"","background-image":"","background-repeat":"repeat","background-position":"center center","background-size":"auto","background-attachment":"scroll","background-type":"","background-media":"","overlay-type":"","overlay-color":"","overlay-opacity":"","overlay-gradient":""}},"ast-content-background-meta":{"desktop":{"background-color":"var(--ast-global-color-5)","background-image":"","background-repeat":"repeat","background-position":"center center","background-size":"auto","background-attachment":"scroll","background-type":"","background-media":"","overlay-type":"","overlay-color":"","overlay-opacity":"","overlay-gradient":""},"tablet":{"background-color":"var(--ast-global-color-5)","background-image":"","background-repeat":"repeat","background-position":"center center","background-size":"auto","background-attachment":"scroll","background-type":"","background-media":"","overlay-type":"","overlay-color":"","overlay-opacity":"","overlay-gradient":""},"mobile":{"background-color":"var(--ast-global-color-5)","background-image":"","background-repeat":"repeat","background-position":"center center","background-size":"auto","background-attachment":"scroll","background-type":"","background-media":"","overlay-type":"","overlay-color":"","overlay-opacity":"","overlay-gradient":""}}},"product_cat":[28],"product_tag":[109,56,48,102],"class_list":{"0":"post-1673","1":"product","2":"type-product","3":"status-publish","4":"has-post-thumbnail","6":"product_cat-comedores","7":"product_tag-cedro","8":"product_tag-comedor","9":"product_tag-silla","10":"product_tag-teca","11":"desktop-align-center","12":"tablet-align-left","13":"mobile-align-left","15":"first","16":"instock","17":"shipping-taxable","18":"product-type-simple"},"_links":{"self":[{"href":"https:\/\/artmuna.com\/index.php?rest_route=\/wp\/v2\/product\/1673","targetHints":{"allow":["GET"]}}],"collection":[{"href":"https:\/\/artmuna.com\/index.php?rest_route=\/wp\/v2\/product"}],"about":[{"href":"https:\/\/artmuna.com\/index.php?rest_route=\/wp\/v2\/types\/product"}],"replies":[{"embeddable":true,"href":"https:\/\/artmuna.com\/index.php?rest_route=%2Fwp%2Fv2%2Fcomments&post=1673"}],"version-history":[{"count":1,"href":"https:\/\/artmuna.com\/index.php?rest_route=\/wp\/v2\/product\/1673\/revisions"}],"predecessor-version":[{"id":1677,"href":"https:\/\/artmuna.com\/index.php?rest_route=\/wp\/v2\/product\/1673\/revisions\/1677"}],"wp:featuredmedia":[{"embeddable":true,"href":"https:\/\/artmuna.com\/index.php?rest_route=\/wp\/v2\/media\/1674"}],"wp:attachment":[{"href":"https:\/\/artmuna.com\/index.php?rest_route=%2Fwp%2Fv2%2Fmedia&parent=1673"}],"wp:term":[{"taxonomy":"product_cat","embeddable":true,"href":"https:\/\/artmuna.com\/index.php?rest_route=%2Fwp%2Fv2%2Fproduct_cat&post=1673"},{"taxonomy":"product_tag","embeddable":true,"href":"https:\/\/artmuna.com\/index.php?rest_route=%2Fwp%2Fv2%2Fproduct_tag&post=1673"}],"curies":[{"name":"wp","href":"https:\/\/api.w.org\/{rel}","templated":true}]}}