{"id":1613,"date":"2024-04-12T19:14:00","date_gmt":"2024-04-12T19:14:00","guid":{"rendered":"https:\/\/artmuna.com\/?post_type=product&#038;p=1613"},"modified":"2025-02-03T15:14:21","modified_gmt":"2025-02-03T15:14:21","slug":"portofino","status":"publish","type":"product","link":"https:\/\/artmuna.com\/?product=portofino","title":{"rendered":"Portofino"},"content":{"rendered":"<p>&nbsp;<\/p>\n<p>Nuestra asoleadora Portofino es una excelente opci\u00f3n para espacios amplios, donde quieras obtener la mayor comodidad en tu espacio exterior..<\/p>\n<p><strong>MEDIDAS:\u00a0<\/strong>1.90cm de largo x 1.90cm de ancho<\/p>\n<p><strong>MATERIALES:\u00a0<\/strong>Tejido en rat\u00e1n sint\u00e9tico, base en madera teca estructura en acero al carb\u00f3n pintura electrost\u00e1tica fija, cojiner\u00eda en SUN TECH DEKO, cojiner\u00eda antifluido especial para exteriores.<\/p>\n<p><strong>Recuerda que nuestros productos son fabricados bajo pedido, ya que son elaborados de forma artesanal. Si deseas alguna variaci\u00f3n en el tama\u00f1o u otras caracter\u00edsticas por favor comun\u00edcate con nosotros para asesorarte.<\/strong><\/p>\n","protected":false},"excerpt":{"rendered":"<p>Nuestra asoleadora Portofino es una excelente opci\u00f3n para espacios amplios, donde quieras obtener la mayor comodidad en tu espacio exterior..<\/p>\n<p><strong>MEDIDAS:\u00a0<\/strong>1.90cm de largo x 1.90cm de ancho<\/p>\n","protected":false},"featured_media":1615,"comment_status":"open","ping_status":"closed","template":"","meta":{"site-sidebar-layout":"default","site-content-layout":"","ast-site-content-layout":"default","site-content-style":"default","site-sidebar-style":"default","ast-global-header-display":"","ast-banner-title-visibility":"","ast-main-header-display":"","ast-hfb-above-header-display":"","ast-hfb-below-header-display":"","ast-hfb-mobile-header-display":"","site-post-title":"","ast-breadcrumbs-content":"","ast-featured-img":"","footer-sml-layout":"","theme-transparent-header-meta":"default","adv-header-id-meta":"","stick-header-meta":"","header-above-stick-meta":"","header-main-stick-meta":"","header-below-stick-meta":"","astra-migrate-meta-layouts":"set","ast-page-background-enabled":"default","ast-page-background-meta":{"desktop":{"background-color":"var(--ast-global-color-4)","background-image":"","background-repeat":"repeat","background-position":"center center","background-size":"auto","background-attachment":"scroll","background-type":"","background-media":"","overlay-type":"","overlay-color":"","overlay-opacity":"","overlay-gradient":""},"tablet":{"background-color":"","background-image":"","background-repeat":"repeat","background-position":"center center","background-size":"auto","background-attachment":"scroll","background-type":"","background-media":"","overlay-type":"","overlay-color":"","overlay-opacity":"","overlay-gradient":""},"mobile":{"background-color":"","background-image":"","background-repeat":"repeat","background-position":"center center","background-size":"auto","background-attachment":"scroll","background-type":"","background-media":"","overlay-type":"","overlay-color":"","overlay-opacity":"","overlay-gradient":""}},"ast-content-background-meta":{"desktop":{"background-color":"var(--ast-global-color-5)","background-image":"","background-repeat":"repeat","background-position":"center center","background-size":"auto","background-attachment":"scroll","background-type":"","background-media":"","overlay-type":"","overlay-color":"","overlay-opacity":"","overlay-gradient":""},"tablet":{"background-color":"var(--ast-global-color-5)","background-image":"","background-repeat":"repeat","background-position":"center center","background-size":"auto","background-attachment":"scroll","background-type":"","background-media":"","overlay-type":"","overlay-color":"","overlay-opacity":"","overlay-gradient":""},"mobile":{"background-color":"var(--ast-global-color-5)","background-image":"","background-repeat":"repeat","background-position":"center center","background-size":"auto","background-attachment":"scroll","background-type":"","background-media":"","overlay-type":"","overlay-color":"","overlay-opacity":"","overlay-gradient":""}}},"product_cat":[41],"product_tag":[99,77,82],"class_list":{"0":"post-1613","1":"product","2":"type-product","3":"status-publish","4":"has-post-thumbnail","6":"product_cat-sofaplaya-asoleadoras","7":"product_tag-asoleadora","8":"product_tag-playa","9":"product_tag-tumbona","10":"desktop-align-center","11":"tablet-align-left","12":"mobile-align-left","14":"first","15":"instock","16":"shipping-taxable","17":"product-type-simple"},"_links":{"self":[{"href":"https:\/\/artmuna.com\/index.php?rest_route=\/wp\/v2\/product\/1613","targetHints":{"allow":["GET"]}}],"collection":[{"href":"https:\/\/artmuna.com\/index.php?rest_route=\/wp\/v2\/product"}],"about":[{"href":"https:\/\/artmuna.com\/index.php?rest_route=\/wp\/v2\/types\/product"}],"replies":[{"embeddable":true,"href":"https:\/\/artmuna.com\/index.php?rest_route=%2Fwp%2Fv2%2Fcomments&post=1613"}],"version-history":[{"count":1,"href":"https:\/\/artmuna.com\/index.php?rest_route=\/wp\/v2\/product\/1613\/revisions"}],"predecessor-version":[{"id":1617,"href":"https:\/\/artmuna.com\/index.php?rest_route=\/wp\/v2\/product\/1613\/revisions\/1617"}],"wp:featuredmedia":[{"embeddable":true,"href":"https:\/\/artmuna.com\/index.php?rest_route=\/wp\/v2\/media\/1615"}],"wp:attachment":[{"href":"https:\/\/artmuna.com\/index.php?rest_route=%2Fwp%2Fv2%2Fmedia&parent=1613"}],"wp:term":[{"taxonomy":"product_cat","embeddable":true,"href":"https:\/\/artmuna.com\/index.php?rest_route=%2Fwp%2Fv2%2Fproduct_cat&post=1613"},{"taxonomy":"product_tag","embeddable":true,"href":"https:\/\/artmuna.com\/index.php?rest_route=%2Fwp%2Fv2%2Fproduct_tag&post=1613"}],"curies":[{"name":"wp","href":"https:\/\/api.w.org\/{rel}","templated":true}]}}