{"id":1370,"date":"2024-01-24T18:36:50","date_gmt":"2024-01-24T18:36:50","guid":{"rendered":"https:\/\/artmuna.com\/?post_type=product&#038;p=1370"},"modified":"2025-02-03T15:19:14","modified_gmt":"2025-02-03T15:19:14","slug":"media-luna","status":"publish","type":"product","link":"https:\/\/artmuna.com\/?product=media-luna","title":{"rendered":"Media Luna"},"content":{"rendered":"<p>Un espacio especial para un momento de relajaci\u00f3n.<\/p>\n<p>Silla tipo nido tejida en rat\u00e1n sint\u00e9tico, o cord\u00f3n poli\u00e9ster estructura en acero pintura electrost\u00e1tica cojiner\u00eda capitoneada anti luido.<\/p>\n<p><strong>MEDIDAS: <\/strong>Altura 118cm<br \/>\nAncho 90 cm<br \/>\nDescansa pies 35 cm de alto \u00d750 de ancho<\/p>\n<p><strong>MATERIALES:\u00a0<\/strong>Tejido en calceta de pl\u00e1tano, cord\u00f3n poli\u00e9ster o rat\u00e1n sint\u00e9tico, estructura en acero al carb\u00f3n pintura electrost\u00e1tica fija, descansa pies incluido.<\/p>\n<p><strong>Recuerda que nuestros productos son fabricados bajo pedido, ya que son elaborados de forma artesanal. Si deseas alguna variaci\u00f3n en el tama\u00f1o u otras caracter\u00edsticas por favor comun\u00edcate con nosotros para asesorarte.<\/strong><\/p>\n","protected":false},"excerpt":{"rendered":"<p>Un espacio especial para un momento de relajaci\u00f3n. Silla tipo nido tejida en rat\u00e1n sint\u00e9tico, o cord\u00f3n poli\u00e9ster estructura en acero pintura electrost\u00e1tica cojiner\u00eda capitoneada anti luido. MEDIDAS: Altura 118cm Ancho 90 cm Descansa pies 35 cm de alto \u00d750 de ancho MATERIALES:\u00a0Tejido en calceta de pl\u00e1tano, cord\u00f3n poli\u00e9ster o rat\u00e1n sint\u00e9tico, estructura en acero [&hellip;]<\/p>\n","protected":false},"featured_media":1371,"comment_status":"open","ping_status":"closed","template":"","meta":{"site-sidebar-layout":"default","site-content-layout":"","ast-site-content-layout":"default","site-content-style":"default","site-sidebar-style":"default","ast-global-header-display":"","ast-banner-title-visibility":"","ast-main-header-display":"","ast-hfb-above-header-display":"","ast-hfb-below-header-display":"","ast-hfb-mobile-header-display":"","site-post-title":"","ast-breadcrumbs-content":"","ast-featured-img":"","footer-sml-layout":"","theme-transparent-header-meta":"default","adv-header-id-meta":"","stick-header-meta":"","header-above-stick-meta":"","header-main-stick-meta":"","header-below-stick-meta":"","astra-migrate-meta-layouts":"set","ast-page-background-enabled":"default","ast-page-background-meta":{"desktop":{"background-color":"var(--ast-global-color-4)","background-image":"","background-repeat":"repeat","background-position":"center center","background-size":"auto","background-attachment":"scroll","background-type":"","background-media":"","overlay-type":"","overlay-color":"","overlay-opacity":"","overlay-gradient":""},"tablet":{"background-color":"","background-image":"","background-repeat":"repeat","background-position":"center center","background-size":"auto","background-attachment":"scroll","background-type":"","background-media":"","overlay-type":"","overlay-color":"","overlay-opacity":"","overlay-gradient":""},"mobile":{"background-color":"","background-image":"","background-repeat":"repeat","background-position":"center center","background-size":"auto","background-attachment":"scroll","background-type":"","background-media":"","overlay-type":"","overlay-color":"","overlay-opacity":"","overlay-gradient":""}},"ast-content-background-meta":{"desktop":{"background-color":"var(--ast-global-color-5)","background-image":"","background-repeat":"repeat","background-position":"center center","background-size":"auto","background-attachment":"scroll","background-type":"","background-media":"","overlay-type":"","overlay-color":"","overlay-opacity":"","overlay-gradient":""},"tablet":{"background-color":"var(--ast-global-color-5)","background-image":"","background-repeat":"repeat","background-position":"center center","background-size":"auto","background-attachment":"scroll","background-type":"","background-media":"","overlay-type":"","overlay-color":"","overlay-opacity":"","overlay-gradient":""},"mobile":{"background-color":"var(--ast-global-color-5)","background-image":"","background-repeat":"repeat","background-position":"center center","background-size":"auto","background-attachment":"scroll","background-type":"","background-media":"","overlay-type":"","overlay-color":"","overlay-opacity":"","overlay-gradient":""}}},"product_cat":[33],"product_tag":[74,75],"class_list":{"0":"post-1370","1":"product","2":"type-product","3":"status-publish","4":"has-post-thumbnail","6":"product_cat-medialuna-columpios","7":"product_tag-columpio","8":"product_tag-medialuna","9":"desktop-align-center","10":"tablet-align-left","11":"mobile-align-left","13":"first","14":"instock","15":"shipping-taxable","16":"product-type-simple"},"_links":{"self":[{"href":"https:\/\/artmuna.com\/index.php?rest_route=\/wp\/v2\/product\/1370","targetHints":{"allow":["GET"]}}],"collection":[{"href":"https:\/\/artmuna.com\/index.php?rest_route=\/wp\/v2\/product"}],"about":[{"href":"https:\/\/artmuna.com\/index.php?rest_route=\/wp\/v2\/types\/product"}],"replies":[{"embeddable":true,"href":"https:\/\/artmuna.com\/index.php?rest_route=%2Fwp%2Fv2%2Fcomments&post=1370"}],"version-history":[{"count":4,"href":"https:\/\/artmuna.com\/index.php?rest_route=\/wp\/v2\/product\/1370\/revisions"}],"predecessor-version":[{"id":1377,"href":"https:\/\/artmuna.com\/index.php?rest_route=\/wp\/v2\/product\/1370\/revisions\/1377"}],"wp:featuredmedia":[{"embeddable":true,"href":"https:\/\/artmuna.com\/index.php?rest_route=\/wp\/v2\/media\/1371"}],"wp:attachment":[{"href":"https:\/\/artmuna.com\/index.php?rest_route=%2Fwp%2Fv2%2Fmedia&parent=1370"}],"wp:term":[{"taxonomy":"product_cat","embeddable":true,"href":"https:\/\/artmuna.com\/index.php?rest_route=%2Fwp%2Fv2%2Fproduct_cat&post=1370"},{"taxonomy":"product_tag","embeddable":true,"href":"https:\/\/artmuna.com\/index.php?rest_route=%2Fwp%2Fv2%2Fproduct_tag&post=1370"}],"curies":[{"name":"wp","href":"https:\/\/api.w.org\/{rel}","templated":true}]}}