{"id":1259,"date":"2024-01-10T18:33:16","date_gmt":"2024-01-10T18:33:16","guid":{"rendered":"https:\/\/artmuna.com\/?post_type=product&#038;p=1259"},"modified":"2024-11-06T15:35:18","modified_gmt":"2024-11-06T15:35:18","slug":"china-fija","status":"publish","type":"product","link":"https:\/\/artmuna.com\/?product=china-fija","title":{"rendered":"China Fija"},"content":{"rendered":"<p>Silla auxiliar tejida en mimbre , yare, rattan sint\u00e9tico o cord\u00f3n poli\u00e9ster, con estructura en acero al carb\u00f3n pintura electrost\u00e1tica. El complemento ideal para tus espacios.<\/p>\n<p><strong>MEDIDAS: <\/strong>85X80X85<\/p>\n<p><strong>MATERIALES: <\/strong>Tejido en fibra natural o sint\u00e9tica, estructura en acero al carb\u00f3n pintura electrost\u00e1tica fija.<\/p>\n<p><strong>Recuerda que nuestros productos son fabricados bajo pedido, ya que son elaborados de forma artesanal. Si deseas alguna variaci\u00f3n en el tama\u00f1o u otras caracter\u00edsticas por favor comun\u00edcate con nosotros para asesorarte.<\/strong><\/p>\n<p>&nbsp;<\/p>\n","protected":false},"excerpt":{"rendered":"<p>Silla auxiliar tejida en mimbre , yare, rattan sint\u00e9tico o cord\u00f3n poli\u00e9ster, con estructura en acero al carb\u00f3n pintura electrost\u00e1tica. El complemento ideal para tus espacios. MEDIDAS: 85X80X85 MATERIALES: Tejido en fibra natural o sint\u00e9tica, estructura en acero al carb\u00f3n pintura electrost\u00e1tica fija. Recuerda que nuestros productos son fabricados bajo pedido, ya que son elaborados [&hellip;]<\/p>\n","protected":false},"featured_media":1304,"comment_status":"open","ping_status":"closed","template":"","meta":{"site-sidebar-layout":"default","site-content-layout":"","ast-site-content-layout":"default","site-content-style":"default","site-sidebar-style":"default","ast-global-header-display":"","ast-banner-title-visibility":"","ast-main-header-display":"","ast-hfb-above-header-display":"","ast-hfb-below-header-display":"","ast-hfb-mobile-header-display":"","site-post-title":"","ast-breadcrumbs-content":"","ast-featured-img":"","footer-sml-layout":"","theme-transparent-header-meta":"default","adv-header-id-meta":"","stick-header-meta":"","header-above-stick-meta":"","header-main-stick-meta":"","header-below-stick-meta":"","astra-migrate-meta-layouts":"set","ast-page-background-enabled":"default","ast-page-background-meta":{"desktop":{"background-color":"var(--ast-global-color-4)","background-image":"","background-repeat":"repeat","background-position":"center center","background-size":"auto","background-attachment":"scroll","background-type":"","background-media":"","overlay-type":"","overlay-color":"","overlay-opacity":"","overlay-gradient":""},"tablet":{"background-color":"","background-image":"","background-repeat":"repeat","background-position":"center center","background-size":"auto","background-attachment":"scroll","background-type":"","background-media":"","overlay-type":"","overlay-color":"","overlay-opacity":"","overlay-gradient":""},"mobile":{"background-color":"","background-image":"","background-repeat":"repeat","background-position":"center center","background-size":"auto","background-attachment":"scroll","background-type":"","background-media":"","overlay-type":"","overlay-color":"","overlay-opacity":"","overlay-gradient":""}},"ast-content-background-meta":{"desktop":{"background-color":"var(--ast-global-color-5)","background-image":"","background-repeat":"repeat","background-position":"center center","background-size":"auto","background-attachment":"scroll","background-type":"","background-media":"","overlay-type":"","overlay-color":"","overlay-opacity":"","overlay-gradient":""},"tablet":{"background-color":"var(--ast-global-color-5)","background-image":"","background-repeat":"repeat","background-position":"center center","background-size":"auto","background-attachment":"scroll","background-type":"","background-media":"","overlay-type":"","overlay-color":"","overlay-opacity":"","overlay-gradient":""},"mobile":{"background-color":"var(--ast-global-color-5)","background-image":"","background-repeat":"repeat","background-position":"center center","background-size":"auto","background-attachment":"scroll","background-type":"","background-media":"","overlay-type":"","overlay-color":"","overlay-opacity":"","overlay-gradient":""}}},"product_cat":[39],"product_tag":[60,72,50,52,48,71],"class_list":{"0":"post-1259","1":"product","2":"type-product","3":"status-publish","4":"has-post-thumbnail","6":"product_cat-set-sillas","7":"product_tag-auxiliar","8":"product_tag-cordon","9":"product_tag-mimbre","10":"product_tag-rattan","11":"product_tag-silla","12":"product_tag-yre","13":"desktop-align-center","14":"tablet-align-left","15":"mobile-align-left","17":"first","18":"instock","19":"shipping-taxable","20":"product-type-simple"},"_links":{"self":[{"href":"https:\/\/artmuna.com\/index.php?rest_route=\/wp\/v2\/product\/1259","targetHints":{"allow":["GET"]}}],"collection":[{"href":"https:\/\/artmuna.com\/index.php?rest_route=\/wp\/v2\/product"}],"about":[{"href":"https:\/\/artmuna.com\/index.php?rest_route=\/wp\/v2\/types\/product"}],"replies":[{"embeddable":true,"href":"https:\/\/artmuna.com\/index.php?rest_route=%2Fwp%2Fv2%2Fcomments&post=1259"}],"version-history":[{"count":1,"href":"https:\/\/artmuna.com\/index.php?rest_route=\/wp\/v2\/product\/1259\/revisions"}],"predecessor-version":[{"id":1260,"href":"https:\/\/artmuna.com\/index.php?rest_route=\/wp\/v2\/product\/1259\/revisions\/1260"}],"wp:featuredmedia":[{"embeddable":true,"href":"https:\/\/artmuna.com\/index.php?rest_route=\/wp\/v2\/media\/1304"}],"wp:attachment":[{"href":"https:\/\/artmuna.com\/index.php?rest_route=%2Fwp%2Fv2%2Fmedia&parent=1259"}],"wp:term":[{"taxonomy":"product_cat","embeddable":true,"href":"https:\/\/artmuna.com\/index.php?rest_route=%2Fwp%2Fv2%2Fproduct_cat&post=1259"},{"taxonomy":"product_tag","embeddable":true,"href":"https:\/\/artmuna.com\/index.php?rest_route=%2Fwp%2Fv2%2Fproduct_tag&post=1259"}],"curies":[{"name":"wp","href":"https:\/\/api.w.org\/{rel}","templated":true}]}}