{"id":1002,"date":"2023-12-14T06:29:46","date_gmt":"2023-12-14T06:29:46","guid":{"rendered":"https:\/\/artmuna.com\/?post_type=product&#038;p=1002"},"modified":"2025-02-03T15:23:10","modified_gmt":"2025-02-03T15:23:10","slug":"juego-de-sala-sienna","status":"publish","type":"product","link":"https:\/\/artmuna.com\/?product=juego-de-sala-sienna","title":{"rendered":"Sienna"},"content":{"rendered":"<p><span style=\"font-weight: 400;\">Incluye un sof\u00e1 de tres puestos, dos poltronas mesa de centro y cojiner\u00eda.<\/span><\/p>\n<p><strong>MEDIDAS:<\/strong><\/p>\n<ul>\n<li>Sillas 67x68x62<\/li>\n<li>Sof\u00e1 191x67x62<\/li>\n<li>Mesa 75&#215;45<\/li>\n<\/ul>\n<p><strong>MATERIAL:<\/strong> Rattan sint\u00e9tico combinaci\u00f3n de colores a elecci\u00f3n, lona Jett antifluido, algod\u00f3n siliconado, espuma penta 26, acero al carbono y pintura electrost\u00e1tica.<\/p>\n<p><span style=\"font-weight: 400;\">Recuerda que nuestros productos son elaborados bajo pedido, ya que son elaborados de forma artesanal. Si deseas alguna variaci\u00f3n en el tama\u00f1o u otras caracter\u00edsticas por favor comun\u00edcate con nosotros para asesorarte.<\/span><\/p>\n","protected":false},"excerpt":{"rendered":"<ul>\n<li>Sillas 67x68x62<\/li>\n<li>Sof\u00e1 191x67x62<\/li>\n<li>Mesa 75&#215;45<\/li>\n<\/ul>\n<p>MATERIAL: Rattan sint\u00e9tico combinaci\u00f3n de colores a elecci\u00f3n, lona Jett antifluido,\u00a0algod\u00f3n siliconado, espuma\u00a0penta 26, acero al carbono\u00a0y pintura electrost\u00e1tica.<\/p>\n","protected":false},"featured_media":1003,"comment_status":"open","ping_status":"closed","template":"","meta":{"site-sidebar-layout":"default","site-content-layout":"","ast-site-content-layout":"default","site-content-style":"default","site-sidebar-style":"default","ast-global-header-display":"","ast-banner-title-visibility":"","ast-main-header-display":"","ast-hfb-above-header-display":"","ast-hfb-below-header-display":"","ast-hfb-mobile-header-display":"","site-post-title":"","ast-breadcrumbs-content":"","ast-featured-img":"","footer-sml-layout":"","theme-transparent-header-meta":"default","adv-header-id-meta":"","stick-header-meta":"","header-above-stick-meta":"","header-main-stick-meta":"","header-below-stick-meta":"","astra-migrate-meta-layouts":"set","ast-page-background-enabled":"default","ast-page-background-meta":{"desktop":{"background-color":"var(--ast-global-color-4)","background-image":"","background-repeat":"repeat","background-position":"center center","background-size":"auto","background-attachment":"scroll","background-type":"","background-media":"","overlay-type":"","overlay-color":"","overlay-opacity":"","overlay-gradient":""},"tablet":{"background-color":"","background-image":"","background-repeat":"repeat","background-position":"center center","background-size":"auto","background-attachment":"scroll","background-type":"","background-media":"","overlay-type":"","overlay-color":"","overlay-opacity":"","overlay-gradient":""},"mobile":{"background-color":"","background-image":"","background-repeat":"repeat","background-position":"center center","background-size":"auto","background-attachment":"scroll","background-type":"","background-media":"","overlay-type":"","overlay-color":"","overlay-opacity":"","overlay-gradient":""}},"ast-content-background-meta":{"desktop":{"background-color":"var(--ast-global-color-5)","background-image":"","background-repeat":"repeat","background-position":"center center","background-size":"auto","background-attachment":"scroll","background-type":"","background-media":"","overlay-type":"","overlay-color":"","overlay-opacity":"","overlay-gradient":""},"tablet":{"background-color":"var(--ast-global-color-5)","background-image":"","background-repeat":"repeat","background-position":"center center","background-size":"auto","background-attachment":"scroll","background-type":"","background-media":"","overlay-type":"","overlay-color":"","overlay-opacity":"","overlay-gradient":""},"mobile":{"background-color":"var(--ast-global-color-5)","background-image":"","background-repeat":"repeat","background-position":"center center","background-size":"auto","background-attachment":"scroll","background-type":"","background-media":"","overlay-type":"","overlay-color":"","overlay-opacity":"","overlay-gradient":""}}},"product_cat":[31],"product_tag":[53,52,46,45],"class_list":{"0":"post-1002","1":"product","2":"type-product","3":"status-publish","4":"has-post-thumbnail","6":"product_cat-juegos-sala","7":"product_tag-exterior","8":"product_tag-rattan","9":"product_tag-sala","10":"product_tag-sofa","11":"desktop-align-center","12":"tablet-align-left","13":"mobile-align-left","15":"first","16":"instock","17":"shipping-taxable","18":"product-type-simple"},"_links":{"self":[{"href":"https:\/\/artmuna.com\/index.php?rest_route=\/wp\/v2\/product\/1002","targetHints":{"allow":["GET"]}}],"collection":[{"href":"https:\/\/artmuna.com\/index.php?rest_route=\/wp\/v2\/product"}],"about":[{"href":"https:\/\/artmuna.com\/index.php?rest_route=\/wp\/v2\/types\/product"}],"replies":[{"embeddable":true,"href":"https:\/\/artmuna.com\/index.php?rest_route=%2Fwp%2Fv2%2Fcomments&post=1002"}],"version-history":[{"count":4,"href":"https:\/\/artmuna.com\/index.php?rest_route=\/wp\/v2\/product\/1002\/revisions"}],"predecessor-version":[{"id":1150,"href":"https:\/\/artmuna.com\/index.php?rest_route=\/wp\/v2\/product\/1002\/revisions\/1150"}],"wp:featuredmedia":[{"embeddable":true,"href":"https:\/\/artmuna.com\/index.php?rest_route=\/wp\/v2\/media\/1003"}],"wp:attachment":[{"href":"https:\/\/artmuna.com\/index.php?rest_route=%2Fwp%2Fv2%2Fmedia&parent=1002"}],"wp:term":[{"taxonomy":"product_cat","embeddable":true,"href":"https:\/\/artmuna.com\/index.php?rest_route=%2Fwp%2Fv2%2Fproduct_cat&post=1002"},{"taxonomy":"product_tag","embeddable":true,"href":"https:\/\/artmuna.com\/index.php?rest_route=%2Fwp%2Fv2%2Fproduct_tag&post=1002"}],"curies":[{"name":"wp","href":"https:\/\/api.w.org\/{rel}","templated":true}]}}